{"id":80,"date":"2025-09-02T05:49:48","date_gmt":"2025-09-02T05:49:48","guid":{"rendered":"https:\/\/gofly-wp.egenstheme.com\/?page_id=80"},"modified":"2026-03-06T18:50:06","modified_gmt":"2026-03-07T00:50:06","slug":"contacto","status":"publish","type":"page","link":"https:\/\/cymantravel.com\/es\/contact\/","title":{"rendered":"Cont\u00e1ctenos"},"content":{"rendered":"<div data-elementor-type=\"wp-page\" data-elementor-id=\"80\" class=\"elementor elementor-80\">\n\t\t\t\t<div class=\"elementor-element elementor-element-a5d5815 e-flex e-con-boxed e-con e-parent\" data-id=\"a5d5815\" data-element_type=\"container\" data-e-type=\"container\" data-settings=\"{&quot;ekit_has_onepagescroll_dot&quot;:&quot;yes&quot;}\">\n\t\t\t\t\t<div class=\"e-con-inner\">\n\t\t\t\t<div class=\"elementor-element elementor-element-26a35fe elementor-widget elementor-widget-heading\" data-id=\"26a35fe\" data-element_type=\"widget\" data-e-type=\"widget\" data-settings=\"{&quot;ekit_we_effect_on&quot;:&quot;none&quot;}\" data-widget_type=\"heading.default\">\n\t\t\t\t\t<p class=\"elementor-heading-title elementor-size-default\">En Cyman Travel, estamos listos para ayudarte a planificar el viaje perfecto. Nos encanta hablar con nuestros viajeros.<\/p>\t\t\t\t<\/div>\n\t\t\t\t\t<\/div>\n\t\t\t\t<\/div>\n\t\t<div class=\"elementor-element elementor-element-b081e89 e-con-full e-flex e-con e-parent\" data-id=\"b081e89\" data-element_type=\"container\" data-e-type=\"container\" data-settings=\"{&quot;ekit_has_onepagescroll_dot&quot;:&quot;yes&quot;}\">\n\t\t<div class=\"elementor-element elementor-element-19cc23f e-grid e-con-boxed e-con e-child\" data-id=\"19cc23f\" data-element_type=\"container\" data-e-type=\"container\" data-settings=\"{&quot;ekit_has_onepagescroll_dot&quot;:&quot;yes&quot;}\">\n\t\t\t\t\t<div class=\"e-con-inner\">\n\t\t\t\t<div class=\"elementor-element elementor-element-0957573 elementor-widget elementor-widget-gofly_contact\" data-id=\"0957573\" data-element_type=\"widget\" data-e-type=\"widget\" data-settings=\"{&quot;ekit_we_effect_on&quot;:&quot;none&quot;}\" data-widget_type=\"gofly_contact.default\">\n\t\t\t\t<div class=\"elementor-widget-container\">\n\t\t\t\t\t        <div class=\"contact-page\">\n\n                            <div class=\"single-contact\">\n                    <div class=\"icon\">\n                        <svg xmlns=\"http:\/\/www.w3.org\/2000\/svg\" xmlns:xlink=\"http:\/\/www.w3.org\/1999\/xlink\" xmlns:sketch=\"http:\/\/www.bohemiancoding.com\/sketch\/ns\" width=\"800px\" height=\"800px\" viewbox=\"0 -3.5 32 32\"><title>correo<\/title><desc>Creado con Sketch Beta.<\/desc><defs><\/defs><g id=\"Page-1\" stroke=\"none\" stroke-width=\"1\" fill=\"none\" fill-rule=\"evenodd\"><g id=\"Icon-Set-Filled\" transform=\"translate(-414.000000, -261.000000)\" fill=\"#000000\"><path d=\"M430,275.916 L426.684,273.167 L415.115,285.01 L444.591,285.01 L433.235,273.147 L430,275.916 L430,275.916 Z M434.89,271.89 L445.892,283.329 C445.955,283.107 446,282.877 446,282.634 L446,262.862 L434.89,271.89 L434.89,271.89 Z M414,262.816 L414,282.634 C414,282.877 414.045,283.107 414.108,283.329 L425.147,271.927 L414,262.816 L414,262.816 Z M445,261 L415,261 L430,273.019 L445,261 L445,261 Z\" id=\"mail\"><\/path><\/g><\/g><\/svg>                    <\/div>\n                    <h4>Correo electr\u00f3nico<\/h4>\n                    <h6><span>reservaciones@cymantravel.com<\/span> <a href=\"mailto:reservaciones@cymantravel.com\"><\/a><\/h6>\n                    <p>P\u00f3ngase en contacto con nosotros, le responderemos r\u00e1pidamente.<\/p>\n                <\/div>\n            \n            \n        <\/div>\n\n\t\t\t\t<\/div>\n\t\t\t\t<\/div>\n\t\t\t\t<div class=\"elementor-element elementor-element-63e7621 elementor-widget elementor-widget-gofly_contact\" data-id=\"63e7621\" data-element_type=\"widget\" data-e-type=\"widget\" data-settings=\"{&quot;ekit_we_effect_on&quot;:&quot;none&quot;}\" data-widget_type=\"gofly_contact.default\">\n\t\t\t\t<div class=\"elementor-widget-container\">\n\t\t\t\t\t        <div class=\"contact-page\">\n\n                            <div class=\"single-contact\">\n                    <div class=\"icon\">\n                        <svg class=\"e-font-icon-svg e-fas-phone-alt\" viewbox=\"0 0 512 512\" xmlns=\"http:\/\/www.w3.org\/2000\/svg\"><path d=\"M497.39 361.8l-112-48a24 24 0 0 0-28 6.9l-49.6 60.6A370.66 370.66 0 0 1 130.6 204.11l60.6-49.6a23.94 23.94 0 0 0 6.9-28l-48-112A24.16 24.16 0 0 0 122.6.61l-104 24A24 24 0 0 0 0 48c0 256.5 207.9 464 464 464a24 24 0 0 0 23.4-18.6l24-104a24.29 24.29 0 0 0-14.01-27.6z\"><\/path><\/svg>                    <\/div>\n                    <h4>Tel\u00e9fono<\/h4>\n                    <h6><span><\/span> <a href=\"tel:++502 3468 0911\">+502 3468-0911<\/a><\/h6>\n                    <p>Cont\u00e1ctanos, te responderemos r\u00e1pidamente.<\/p>\n                <\/div>\n            \n            \n        <\/div>\n\n\t\t\t\t<\/div>\n\t\t\t\t<\/div>\n\t\t\t\t<div class=\"elementor-element elementor-element-81afd82 elementor-widget elementor-widget-gofly_contact\" data-id=\"81afd82\" data-element_type=\"widget\" data-e-type=\"widget\" data-settings=\"{&quot;ekit_we_effect_on&quot;:&quot;none&quot;}\" data-widget_type=\"gofly_contact.default\">\n\t\t\t\t<div class=\"elementor-widget-container\">\n\t\t\t\t\t        <div class=\"contact-page\">\n\n                            <div class=\"single-contact\">\n                    <div class=\"icon\">\n                        <svg class=\"e-font-icon-svg e-fas-clock\" viewbox=\"0 0 512 512\" xmlns=\"http:\/\/www.w3.org\/2000\/svg\"><path d=\"M256,8C119,8,8,119,8,256S119,504,256,504,504,393,504,256,393,8,256,8Zm92.49,313h0l-20,25a16,16,0,0,1-22.49,2.5h0l-67-49.72a40,40,0,0,1-15-31.23V112a16,16,0,0,1,16-16h32a16,16,0,0,1,16,16V256l58,42.5A16,16,0,0,1,348.49,321Z\"><\/path><\/svg>                    <\/div>\n                    <h4>Horario comercial<\/h4>\n                    <h6><span><\/span> <a href=\"\"><\/a><\/h6>\n                    <p>De lunes a s\u00e1bado, de 8:00 a. m. a 7:00 p. m.<\/p>\n                <\/div>\n            \n            \n        <\/div>\n\n\t\t\t\t<\/div>\n\t\t\t\t<\/div>\n\t\t\t\t<div class=\"elementor-element elementor-element-4bb8c3e elementor-widget elementor-widget-gofly_contact\" data-id=\"4bb8c3e\" data-element_type=\"widget\" data-e-type=\"widget\" data-settings=\"{&quot;ekit_we_effect_on&quot;:&quot;none&quot;}\" data-widget_type=\"gofly_contact.default\">\n\t\t\t\t<div class=\"elementor-widget-container\">\n\t\t\t\t\t        <div class=\"contact-page\">\n\n                            <div class=\"single-contact\">\n                    <div class=\"icon\">\n                        <svg class=\"e-font-icon-svg e-fab-whatsapp\" viewbox=\"0 0 448 512\" xmlns=\"http:\/\/www.w3.org\/2000\/svg\"><path d=\"M380.9 97.1C339 55.1 283.2 32 223.9 32c-122.4 0-222 99.6-222 222 0 39.1 10.2 77.3 29.6 111L0 480l117.7-30.9c32.4 17.7 68.9 27 106.1 27h.1c122.3 0 224.1-99.6 224.1-222 0-59.3-25.2-115-67.1-157zm-157 341.6c-33.2 0-65.7-8.9-94-25.7l-6.7-4-69.8 18.3L72 359.2l-4.4-7c-18.5-29.4-28.2-63.3-28.2-98.2 0-101.7 82.8-184.5 184.6-184.5 49.3 0 95.6 19.2 130.4 54.1 34.8 34.9 56.2 81.2 56.1 130.5 0 101.8-84.9 184.6-186.6 184.6zm101.2-138.2c-5.5-2.8-32.8-16.2-37.9-18-5.1-1.9-8.8-2.8-12.5 2.8-3.7 5.6-14.3 18-17.6 21.8-3.2 3.7-6.5 4.2-12 1.4-32.6-16.3-54-29.1-75.5-66-5.7-9.8 5.7-9.1 16.3-30.3 1.8-3.7.9-6.9-.5-9.7-1.4-2.8-12.5-30.1-17.1-41.2-4.5-10.8-9.1-9.3-12.5-9.5-3.2-.2-6.9-.2-10.6-.2-3.7 0-9.7 1.4-14.8 6.9-5.1 5.6-19.4 19-19.4 46.3 0 27.3 19.9 53.7 22.6 57.4 2.8 3.7 39.1 59.7 94.8 83.8 35.2 15.2 49 16.5 66.6 13.9 10.7-1.6 32.8-13.4 37.4-26.4 4.6-13 4.6-24.1 3.2-26.4-1.3-2.5-5-3.9-10.5-6.6z\"><\/path><\/svg>                    <\/div>\n                    <h4>WhatsApp<\/h4>\n                    <h6><span><\/span> <a href=\"\"><\/a><\/h6>\n                    <p>Estamos disponibles las 24 horas del d\u00eda, los 7 d\u00edas de la semana para los viajeros, y respondemos de inmediato.<\/p>\n                <\/div>\n            \n            \n        <\/div>\n\n\t\t\t\t<\/div>\n\t\t\t\t<\/div>\n\t\t\t\t\t<\/div>\n\t\t\t\t<\/div>\n\t\t\t\t<div class=\"elementor-element elementor-element-4faa257 elementor-absolute elementor-hidden-tablet elementor-hidden-mobile elementor-widget elementor-widget-image\" data-id=\"4faa257\" data-element_type=\"widget\" data-e-type=\"widget\" data-settings=\"{&quot;_position&quot;:&quot;absolute&quot;,&quot;ekit_we_effect_on&quot;:&quot;none&quot;}\" data-widget_type=\"image.default\">\n\t\t\t\t\t\t\t\t\t\t\t\t\t\t\t<img fetchpriority=\"high\" decoding=\"async\" width=\"840\" height=\"1024\" src=\"https:\/\/cymantravel.com\/wp-content\/uploads\/2025\/10\/contact-page-vector1.svg\" class=\"attachment-large size-large wp-image-7544\" alt=\"\" \/>\t\t\t\t\t\t\t\t\t\t\t\t\t\t\t<\/div>\n\t\t\t\t<div class=\"elementor-element elementor-element-5e4f88f elementor-absolute vector2 elementor-hidden-tablet elementor-hidden-mobile elementor-widget elementor-widget-image\" data-id=\"5e4f88f\" data-element_type=\"widget\" data-e-type=\"widget\" data-settings=\"{&quot;_position&quot;:&quot;absolute&quot;,&quot;ekit_we_effect_on&quot;:&quot;none&quot;}\" data-widget_type=\"image.default\">\n\t\t\t\t\t\t\t\t\t\t\t\t\t\t\t<img decoding=\"async\" width=\"1024\" height=\"819\" src=\"https:\/\/cymantravel.com\/wp-content\/uploads\/2025\/10\/home3-travel-package-vector1.svg\" class=\"attachment-large size-large wp-image-6626\" alt=\"\" \/>\t\t\t\t\t\t\t\t\t\t\t\t\t\t\t<\/div>\n\t\t\t\t<\/div>\n\t\t<div class=\"elementor-element elementor-element-6efc536 e-flex e-con-boxed e-con e-parent\" data-id=\"6efc536\" data-element_type=\"container\" data-e-type=\"container\" data-settings=\"{&quot;ekit_has_onepagescroll_dot&quot;:&quot;yes&quot;}\">\n\t\t\t\t\t<div class=\"e-con-inner\">\n\t\t\t\t<div class=\"elementor-element elementor-element-905f106 elementor-widget__width-initial elementor-widget-mobile__width-initial elementor-widget elementor-widget-gofly_contact\" data-id=\"905f106\" data-element_type=\"widget\" data-e-type=\"widget\" data-settings=\"{&quot;ekit_we_effect_on&quot;:&quot;none&quot;}\" data-widget_type=\"gofly_contact.default\">\n\t\t\t\t<div class=\"elementor-widget-container\">\n\t\t\t\t\t        <div class=\"contact-page\">\n\n            \n                            <div class=\"contact-form\">\n                    <div class=\"contact-form-wrap\">\n                        <div class=\"section-title text-center mb-60\">\n                            <h2>Formulario de contacto<\/h2>\n                            <p>Env\u00edanos un mensaje y te responderemos a la brevedad.<\/p>\n                        <\/div>\n                        \n<div class=\"wpcf7 no-js\" id=\"wpcf7-f133-o1\" lang=\"en-US\" dir=\"ltr\" data-wpcf7-id=\"133\">\n<div class=\"screen-reader-response\"><p role=\"status\" aria-live=\"polite\" aria-atomic=\"true\"><\/p> <ul><\/ul><\/div>\n<form action=\"\/es\/wp-json\/wp\/v2\/pages\/80#wpcf7-f133-o1\" method=\"post\" class=\"wpcf7-form init\" aria-label=\"Contact form\" novalidate=\"novalidate\" data-status=\"init\" data-trp-original-action=\"\/es\/wp-json\/wp\/v2\/pages\/80#wpcf7-f133-o1\">\n<fieldset class=\"hidden-fields-container\"><input type=\"hidden\" name=\"_wpcf7\" value=\"133\" \/><input type=\"hidden\" name=\"_wpcf7_version\" value=\"6.1.5\" \/><input type=\"hidden\" name=\"_wpcf7_locale\" value=\"en_US\" \/><input type=\"hidden\" name=\"_wpcf7_unit_tag\" value=\"wpcf7-f133-o1\" \/><input type=\"hidden\" name=\"_wpcf7_container_post\" value=\"0\" \/><input type=\"hidden\" name=\"_wpcf7_posted_data_hash\" value=\"\" \/>\n<\/fieldset>\n<div class=\"row g-4 mb-60\">\n\n    <div class=\"col-md-6\">\n        <div class=\"form-inner\">\n            <label>Nombre completo<\/label>\n            <span class=\"wpcf7-form-control-wrap\" data-name=\"full-name\"><input size=\"40\" maxlength=\"400\" class=\"wpcf7-form-control wpcf7-text wpcf7-validates-as-required\" aria-required=\"true\" aria-invalid=\"false\" placeholder=\"Introduce tu nombre completo\" value=\"\" type=\"text\" name=\"full-name\" \/><\/span>\n        <\/div>\n    <\/div>\n\n    <div class=\"col-md-6\">\n        <div class=\"form-inner\">\n            <label>Correo electr\u00f3nico<\/label>\n            <span class=\"wpcf7-form-control-wrap\" data-name=\"email\"><input size=\"40\" maxlength=\"400\" class=\"wpcf7-form-control wpcf7-email wpcf7-validates-as-required wpcf7-text wpcf7-validates-as-email\" aria-required=\"true\" aria-invalid=\"false\" placeholder=\"your@mail.com\" value=\"\" type=\"email\" name=\"email\" \/><\/span>\n        <\/div>\n    <\/div>\n\n    <div class=\"col-md-6\">\n        <div class=\"form-inner\">\n            <label>N\u00famero de tel\u00e9fono \/ WhatsApp<\/label>\n            <span class=\"wpcf7-form-control-wrap\" data-name=\"phone\"><input size=\"40\" maxlength=\"400\" class=\"wpcf7-form-control wpcf7-tel wpcf7-validates-as-required wpcf7-text wpcf7-validates-as-tel\" aria-required=\"true\" aria-invalid=\"false\" placeholder=\"+1(555)555 5555\" value=\"\" type=\"tel\" name=\"phone\" \/><\/span>\n        <\/div>\n    <\/div>\n\n    <div class=\"col-md-6\">\n        <div class=\"form-inner\">\n            <label>Destino o excursi\u00f3n de inter\u00e9s<\/label>\n           <span class=\"wpcf7-form-control-wrap\" data-name=\"destination\"><select class=\"wpcf7-form-control wpcf7-select wpcf7-validates-as-required pretty-select\" aria-required=\"true\" aria-invalid=\"false\" name=\"destination\"><option value=\"Please select an option\">Seleccione una opci\u00f3n<\/option><option value=\"Tour a Tikal en Avi\u00f3n\">Visita a Tikal en avi\u00f3n<\/option><option value=\"Chichicastenango y Lago de Atitl\u00e1n\">Chichicastenango y el lago de Atitl\u00e1n<\/option><option value=\"Tikal y Yaxh\u00e1\">Tikal y Yaxh\u00e1<\/option><option value=\"Volc\u00e1n de Pacaya y Pizza\">El volc\u00e1n de Pacaya y la pizza<\/option><option value=\"Tour de Caf\u00e9\">Tour de Caf\u00e9<\/option><option value=\"Pueblos alrededor de Antigua Guatemala\">Pueblos de los alrededores de Antigua Guatemala<\/option><option value=\"Tour Privado al Zool\u00f3gico La Aurora\">Visita privada al Zool\u00f3gico La Aurora<\/option><option value=\"Tour Miradores en Antigua Guatemala en Cuatrimoto\">Recorrido por los miradores de Antigua Guatemala en cuatrimoto<\/option><option value=\"Tour Cr\u00e1ter Azul\">Excursi\u00f3n al Cr\u00e1ter Azul<\/option><option value=\"Ciudad Cayal\u00e1\">Ciudad Cayal\u00e1<\/option><option value=\"Taller e Historia del Jade\">Taller e Historia del Jade<\/option><option value=\"Acatenango y Fuego\">Acatenango y Fuego<\/option><option value=\"Mercado de Chichicastenango\">Mercado de Chichicastenango<\/option><option value=\"Iximch\u00e9\">Iximch\u00e9<\/option><option value=\"Ciudad de Guatemala\">Ciudad de Guatemala<\/option><option value=\"Volc\u00e1n de Pacaya\">Volc\u00e1n de Pacaya<\/option><option value=\"Semuc Champey\">Semuc Champey<\/option><option value=\"Tikal\">Tikal<\/option><option value=\"Lago de Atitl\u00e1n\">Lago de Atitl\u00e1n<\/option><option value=\"Antigua Guatemala\">Antigua Guatemala<\/option><option value=\"Caminata al Rostro Maya\">Caminata al Rostro Maya<\/option><option value=\"Another destination\">Otro destino<\/option><\/select><\/span>\n        <\/div>\n    <\/div>\n\n    <div class=\"col-md-6\">\n        <div class=\"form-inner\">\n            <label>Fecha prevista de viaje<\/label>\n            <span class=\"wpcf7-form-control-wrap\" data-name=\"travel-date\"><input class=\"wpcf7-form-control wpcf7-date wpcf7-validates-as-required wpcf7-validates-as-date\" aria-required=\"true\" aria-invalid=\"false\" placeholder=\"Selecciona una fecha\" value=\"\" type=\"date\" name=\"travel-date\" \/><\/span>\n        <\/div>\n    <\/div>\n\n    <div class=\"col-md-12\">\n        <div class=\"form-inner\">\n            <label>Mensaje<\/label>\n            <span class=\"wpcf7-form-control-wrap\" data-name=\"message\"><textarea cols=\"40\" rows=\"10\" maxlength=\"2000\" class=\"wpcf7-form-control wpcf7-textarea wpcf7-validates-as-required\" aria-required=\"true\" aria-invalid=\"false\" placeholder=\"Cu\u00e9ntanos m\u00e1s sobre tu viaje o consulta\" name=\"message\"><\/textarea><\/span>\n        <\/div>\n    <\/div>\n\n    <div class=\"col-md-12\">\n        <div class=\"form-inner2\">\n            <span class=\"wpcf7-form-control-wrap\" data-name=\"privacy-policy\"><span class=\"wpcf7-form-control wpcf7-checkbox wpcf7-validates-as-required form-check-input\"><span class=\"wpcf7-list-item first last\"><label><input type=\"checkbox\" name=\"privacy-policy[]\" value=\"I have read and accept the privacy policy and terms and conditions.\" \/><span class=\"wpcf7-list-item-label\">He le\u00eddo y acepto la pol\u00edtica de privacidad y los t\u00e9rminos y condiciones.<\/span><\/label><\/span><\/span><\/span>\n        <\/div>\n    <\/div>\n\n<\/div>\n\n<button type=\"submit\" class=\"primary-btn1\">\n    <span>\n        Enviar mensaje\n        <svg width=\"10\" height=\"10\" viewbox=\"0 0 10 10\" xmlns=\"http:\/\/www.w3.org\/2000\/svg\">\n            <path d=\"M9.73535 1.14746C9.57033 1.97255 9.32924 3.26406 9.24902 4.66797C9.16817 6.08312 9.25559 7.5453 9.70214 8.73633C9.84754 9.12406 9.65129 9.55659 9.26367 9.70215C8.9001 9.83849 8.4969 9.67455 8.32812 9.33398L8.29785 9.26367L8.19921 8.98438C7.73487 7.5758 7.67054 5.98959 7.75097 4.58203C7.77875 4.09598 7.82525 3.62422 7.87988 3.17969L1.53027 9.53027C1.23738 9.82317 0.762615 9.82317 0.469722 9.53027C0.176829 9.23738 0.176829 8.76262 0.469722 8.46973L6.83593 2.10254C6.3319 2.16472 5.79596 2.21841 5.25 2.24902C3.8302 2.32862 2.2474 2.26906 0.958003 1.79102L0.704097 1.68945L0.635738 1.65527C0.303274 1.47099 0.157578 1.06102 0.310542 0.704102C0.463655 0.347333 0.860941 0.170391 1.22363 0.28418L1.29589 0.310547L1.48828 0.387695C2.47399 0.751207 3.79966 0.827571 5.16601 0.750977C6.60111 0.670504 7.97842 0.428235 8.86132 0.262695L9.95312 0.0585938L9.73535 1.14746Z\"><\/path>\n        <\/svg>\n    <\/span>\n    <span>\n        Enviar mensaje\n        <svg width=\"10\" height=\"10\" viewbox=\"0 0 10 10\" xmlns=\"http:\/\/www.w3.org\/2000\/svg\">\n            <path d=\"M9.73535 1.14746C9.57033 1.97255 9.32924 3.26406 9.24902 4.66797C9.<div class=\"wpcf7-response-output\" aria-hidden=\"true\"><input type=\"hidden\" name=\"trp-form-language\" value=\"es\"\/><\/div>\n<\/form>\n<\/div>\n                    <\/div>\n                <\/div>\n            \n        <\/div>\n\n\t\t\t\t<\/div>\n\t\t\t\t<\/div>\n\t\t\t\t\t<\/div>\n\t\t\t\t<\/div>\n\t\t<div class=\"elementor-element elementor-element-3b7e113 e-con-full e-flex e-con e-parent\" data-id=\"3b7e113\" data-element_type=\"container\" data-e-type=\"container\" data-settings=\"{&quot;ekit_has_onepagescroll_dot&quot;:&quot;yes&quot;}\">\n\t\t\t\t<div class=\"elementor-element elementor-element-c073600 elementor-widget elementor-widget-html\" data-id=\"c073600\" data-element_type=\"widget\" data-e-type=\"widget\" data-settings=\"{&quot;ekit_we_effect_on&quot;:&quot;none&quot;}\" data-widget_type=\"html.default\">\n\t\t\t\t\t<div class=\"contact-map-section\">\n        <iframe src=\"https:\/\/www.google.com\/maps\/embed?pb=!1m18!1m12!1m3!1d3861.741967421674!2d-90.73776672489467!3d14.556742885924455!2m3!1f0!2f0!3f0!3m2!1i1024!2i768!4f13.1!3m3!1m2!1s0x85890fa63962b531%3A0x6ef6e0a1f3d38beb!2sCYMAN%20TRAVEL!5e0!3m2!1ses-419!2sgt!4v1762887073666!5m2!1ses-419!2sgt\" width=\"600\" height=\"450\" style=\"border:0;\" allowfullscreen=\"\" loading=\"lazy\" referrerpolicy=\"no-referrer-when-downgrade\"><\/iframe>\n    <\/div>\t\t\t\t<\/div>\n\t\t\t\t<\/div>\n\t\t\t\t<\/div>","protected":false},"excerpt":{"rendered":"<p>At Cyman Travel, we are ready to help you plan the perfect trip. We love talking to our travelers. mailCreated with Sketch Beta. Email reservaciones@cymantravel.com Get in touch with us, we respond quickly. Telephone +502 3468-0911 Contact us, we respond quickly. Business hours Monday through Saturday from 8:00 a.m. to 7:00 p.m. WhatsApp Available 24\/7 [&hellip;]<\/p>\n","protected":false},"author":28,"featured_media":7678,"parent":0,"menu_order":0,"comment_status":"closed","ping_status":"closed","template":"","meta":{"inline_featured_image":false,"footnotes":""},"class_list":["post-80","page","type-page","status-publish","has-post-thumbnail","hentry"],"_links":{"self":[{"href":"https:\/\/cymantravel.com\/es\/wp-json\/wp\/v2\/pages\/80","targetHints":{"allow":["GET"]}}],"collection":[{"href":"https:\/\/cymantravel.com\/es\/wp-json\/wp\/v2\/pages"}],"about":[{"href":"https:\/\/cymantravel.com\/es\/wp-json\/wp\/v2\/types\/page"}],"author":[{"embeddable":true,"href":"https:\/\/cymantravel.com\/es\/wp-json\/wp\/v2\/users\/28"}],"replies":[{"embeddable":true,"href":"https:\/\/cymantravel.com\/es\/wp-json\/wp\/v2\/comments?post=80"}],"version-history":[{"count":0,"href":"https:\/\/cymantravel.com\/es\/wp-json\/wp\/v2\/pages\/80\/revisions"}],"wp:featuredmedia":[{"embeddable":true,"href":"https:\/\/cymantravel.com\/es\/wp-json\/wp\/v2\/media\/7678"}],"wp:attachment":[{"href":"https:\/\/cymantravel.com\/es\/wp-json\/wp\/v2\/media?parent=80"}],"curies":[{"name":"wp","href":"https:\/\/api.w.org\/{rel}","templated":true}]}}